{"id":1566,"date":"2022-04-17T09:05:28","date_gmt":"2022-04-17T07:05:28","guid":{"rendered":"https:\/\/iteck.smartinnovates.com\/demo1\/?page_id=1566"},"modified":"2023-03-30T11:54:53","modified_gmt":"2023-03-30T09:54:53","slug":"nos-creations","status":"publish","type":"page","link":"https:\/\/wiodesign.com\/index.php\/nos-creations\/","title":{"rendered":"Nos cr\u00e9ations"},"content":{"rendered":"\t\t<div data-elementor-type=\"wp-page\" data-elementor-id=\"1566\" class=\"elementor elementor-1566\">\n\t\t\t\t\t\t\t\t\t<section class=\"elementor-section elementor-top-section elementor-element elementor-element-3c619bd elementor-section-boxed elementor-section-height-default elementor-section-height-default\" data-id=\"3c619bd\" data-element_type=\"section\" data-settings=\"{&quot;background_background&quot;:&quot;classic&quot;}\">\n\t\t\t\t\t\t<div class=\"elementor-container elementor-column-gap-default\">\n\t\t\t\t\t<div class=\"elementor-column elementor-col-100 elementor-top-column elementor-element elementor-element-2cd8bec\" data-id=\"2cd8bec\" data-element_type=\"column\">\n\t\t\t<div class=\"elementor-widget-wrap elementor-element-populated\">\n\t\t\t\t\t\t\t\t<section class=\"elementor-section elementor-inner-section elementor-element elementor-element-8b27dd3 elementor-section-boxed elementor-section-height-default elementor-section-height-default\" data-id=\"8b27dd3\" data-element_type=\"section\">\n\t\t\t\t\t\t<div class=\"elementor-container elementor-column-gap-default\">\n\t\t\t\t\t<div class=\"elementor-column elementor-col-100 elementor-inner-column elementor-element elementor-element-78a2b5b\" data-id=\"78a2b5b\" data-element_type=\"column\">\n\t\t\t<div class=\"elementor-widget-wrap elementor-element-populated\">\n\t\t\t\t\t\t\t\t<div class=\"elementor-element elementor-element-df74c77 elementor-widget elementor-widget-iteck-heading\" data-id=\"df74c77\" data-element_type=\"widget\" data-widget_type=\"iteck-heading.default\">\n\t\t\t\t<div class=\"elementor-widget-container\">\n\t\t\t<h2 class=\"iteck-heading iteck-additional-color\"><span>Nos cr\u00e9ations<\/span><\/h2>\t\t<\/div>\n\t\t\t\t<\/div>\n\t\t\t\t\t<\/div>\n\t\t<\/div>\n\t\t\t\t\t\t\t<\/div>\n\t\t<\/section>\n\t\t\t\t\t<\/div>\n\t\t<\/div>\n\t\t\t\t\t\t\t<\/div>\n\t\t<\/section>\n\t\t\t\t<section class=\"elementor-section elementor-top-section elementor-element elementor-element-8e67ef3 elementor-section-boxed elementor-section-height-default elementor-section-height-default\" data-id=\"8e67ef3\" data-element_type=\"section\">\n\t\t\t\t\t\t<div class=\"elementor-container elementor-column-gap-default\">\n\t\t\t\t\t<div class=\"elementor-column elementor-col-100 elementor-top-column elementor-element elementor-element-8973d23\" data-id=\"8973d23\" data-element_type=\"column\">\n\t\t\t<div class=\"elementor-widget-wrap elementor-element-populated\">\n\t\t\t\t\t\t\t\t<section class=\"elementor-section elementor-inner-section elementor-element elementor-element-99d2c53 elementor-section-boxed elementor-section-height-default elementor-section-height-default\" data-id=\"99d2c53\" data-element_type=\"section\">\n\t\t\t\t\t\t<div class=\"elementor-container elementor-column-gap-default\">\n\t\t\t\t\t<div class=\"elementor-column elementor-col-100 elementor-inner-column elementor-element elementor-element-6ffcd00\" data-id=\"6ffcd00\" data-element_type=\"column\">\n\t\t\t<div class=\"elementor-widget-wrap elementor-element-populated\">\n\t\t\t\t\t\t\t\t<div class=\"elementor-element elementor-element-b914064 elementor-widget__width-inherit elementor-widget elementor-widget-iteck-heading\" data-id=\"b914064\" data-element_type=\"widget\" data-widget_type=\"iteck-heading.default\">\n\t\t\t\t<div class=\"elementor-widget-container\">\n\t\t\t<h1 class=\"iteck-heading iteck-additional-color\">En tant que<span> Wio Design,<\/span> notre objectif est de vous fournir des services de premi\u00e8re classe qui r\u00e9pondent \u00e0 vos besoins individuels. Nous vous garantissons que vous recevrez un service de la plus  <span>haute qualit\u00e9 avec notre \u00e9quipe de professionnels exp\u00e9riment\u00e9s et les derni\u00e8res technologies.<\/span><\/h1>\t\t<\/div>\n\t\t\t\t<\/div>\n\t\t\t\t\t<\/div>\n\t\t<\/div>\n\t\t\t\t\t\t\t<\/div>\n\t\t<\/section>\n\t\t\t\t<section class=\"elementor-section elementor-inner-section elementor-element elementor-element-346604b elementor-section-boxed elementor-section-height-default elementor-section-height-default\" data-id=\"346604b\" data-element_type=\"section\">\n\t\t\t\t\t\t<div class=\"elementor-container elementor-column-gap-default\">\n\t\t\t\t\t<div class=\"elementor-column elementor-col-100 elementor-inner-column elementor-element elementor-element-2d82824\" data-id=\"2d82824\" data-element_type=\"column\">\n\t\t\t<div class=\"elementor-widget-wrap elementor-element-populated\">\n\t\t\t\t\t\t\t\t<div class=\"elementor-element elementor-element-3012ed5 elementor-widget__width-initial elementor-align-left elementor-widget elementor-widget-iteck-button\" data-id=\"3012ed5\" data-element_type=\"widget\" data-widget_type=\"iteck-button.default\">\n\t\t\t\t<div class=\"elementor-widget-container\">\n\t\t\t\r\n\t\t<a href=\"https:\/\/wiodesign.com\/index.php\/contact\/\"  class=\"iteck-button \">\r\n\t\t\t<span class=\"iteck-button-content-wrapper\">\r\n\t\t\t\t\t\t\t\t<span class=\"iteck-button-text\">\r\n\t\t\t\t\tCONTACT\t\t\t\t<\/span>\r\n\t\t\t\t\t\t\t<\/span>\r\n\t\t<\/a>\r\n\r\n\t\t<\/div>\n\t\t\t\t<\/div>\n\t\t\t\t\t<\/div>\n\t\t<\/div>\n\t\t\t\t\t\t\t<\/div>\n\t\t<\/section>\n\t\t\t\t<div class=\"elementor-element elementor-element-f4db0e1 iteck-image-animation-rotate elementor-widget__width-initial elementor-absolute elementor-widget elementor-widget-iteck-image\" data-id=\"f4db0e1\" data-element_type=\"widget\" data-settings=\"{&quot;_position&quot;:&quot;absolute&quot;}\" data-widget_type=\"iteck-image.default\">\n\t\t\t\t<div class=\"elementor-widget-container\">\n\t\t\t\r\n\t\t<div class=\"iteck-image\">\r\n\r\n\t\t\t\t\t\t\t\t\t\t\t\t\t\t\t\t\t\t<img loading=\"lazy\" decoding=\"async\" width=\"306\" height=\"287\" src=\"https:\/\/wiodesign.com\/wp-content\/uploads\/2022\/11\/contact_globe.svg\" class=\"attachment-full size-full wp-image-3315\" alt=\"\" \/>\t\t\t\t\t\t\t\t\t\t\t\t\t\t\t\r\n\t\t<\/div>\r\n\r\n\t\t\t\t<\/div>\n\t\t\t\t<\/div>\n\t\t\t\t\t<\/div>\n\t\t<\/div>\n\t\t\t\t\t\t\t<\/div>\n\t\t<\/section>\n\t\t\t\t\t\t\t<\/div>\n\t\t","protected":false},"excerpt":{"rendered":"<p>Nos cr\u00e9ations En tant que Wio Design, notre objectif est de vous fournir des services de premi\u00e8re classe qui r\u00e9pondent \u00e0 vos besoins individuels. Nous vous garantissons que vous recevrez un service de la plus haute qualit\u00e9 avec notre \u00e9quipe de professionnels exp\u00e9riment\u00e9s et les derni\u00e8res technologies. CONTACT<\/p>\n","protected":false},"author":1,"featured_media":0,"parent":0,"menu_order":0,"comment_status":"closed","ping_status":"closed","template":"blank-builder.php","meta":{"om_disable_all_campaigns":false,"_mi_skip_tracking":false,"footnotes":""},"class_list":["post-1566","page","type-page","status-publish","hentry"],"yoast_head":"<!-- This site is optimized with the Yoast SEO plugin v20.2.1 - https:\/\/yoast.com\/wordpress\/plugins\/seo\/ -->\n<title>Nos cr\u00e9ations - Wio<\/title>\n<meta name=\"robots\" content=\"index, follow, max-snippet:-1, max-image-preview:large, max-video-preview:-1\" \/>\n<link rel=\"canonical\" href=\"https:\/\/wiodesign.com\/index.php\/nos-creations\/\" \/>\n<meta property=\"og:locale\" content=\"fr_FR\" \/>\n<meta property=\"og:type\" content=\"article\" \/>\n<meta property=\"og:title\" content=\"Nos cr\u00e9ations - Wio\" \/>\n<meta property=\"og:description\" content=\"Nos cr\u00e9ations En tant que Wio Design, notre objectif est de vous fournir des services de premi\u00e8re classe qui r\u00e9pondent \u00e0 vos besoins individuels. Nous vous garantissons que vous recevrez un service de la plus haute qualit\u00e9 avec notre \u00e9quipe de professionnels exp\u00e9riment\u00e9s et les derni\u00e8res technologies. CONTACT\" \/>\n<meta property=\"og:url\" content=\"https:\/\/wiodesign.com\/index.php\/nos-creations\/\" \/>\n<meta property=\"og:site_name\" content=\"Wio\" \/>\n<meta property=\"article:modified_time\" content=\"2023-03-30T09:54:53+00:00\" \/>\n<meta property=\"og:image\" content=\"https:\/\/wiodesign.com\/wp-content\/uploads\/2022\/11\/contact_globe.svg\" \/>\n<meta name=\"twitter:card\" content=\"summary_large_image\" \/>\n<meta name=\"twitter:label1\" content=\"Dur\u00e9e de lecture estim\u00e9e\" \/>\n\t<meta name=\"twitter:data1\" content=\"1 minute\" \/>\n<script type=\"application\/ld+json\" class=\"yoast-schema-graph\">{\"@context\":\"https:\/\/schema.org\",\"@graph\":[{\"@type\":\"WebPage\",\"@id\":\"https:\/\/wiodesign.com\/index.php\/nos-creations\/\",\"url\":\"https:\/\/wiodesign.com\/index.php\/nos-creations\/\",\"name\":\"Nos cr\u00e9ations - Wio\",\"isPartOf\":{\"@id\":\"https:\/\/wiodesign.com\/#website\"},\"datePublished\":\"2022-04-17T07:05:28+00:00\",\"dateModified\":\"2023-03-30T09:54:53+00:00\",\"breadcrumb\":{\"@id\":\"https:\/\/wiodesign.com\/index.php\/nos-creations\/#breadcrumb\"},\"inLanguage\":\"fr-FR\",\"potentialAction\":[{\"@type\":\"ReadAction\",\"target\":[\"https:\/\/wiodesign.com\/index.php\/nos-creations\/\"]}]},{\"@type\":\"BreadcrumbList\",\"@id\":\"https:\/\/wiodesign.com\/index.php\/nos-creations\/#breadcrumb\",\"itemListElement\":[{\"@type\":\"ListItem\",\"position\":1,\"name\":\"Anasayfa\",\"item\":\"https:\/\/wiodesign.com\/\"},{\"@type\":\"ListItem\",\"position\":2,\"name\":\"Nos cr\u00e9ations\"}]},{\"@type\":\"WebSite\",\"@id\":\"https:\/\/wiodesign.com\/#website\",\"url\":\"https:\/\/wiodesign.com\/\",\"name\":\"Wiodesign\",\"description\":\"wiodesign\",\"publisher\":{\"@id\":\"https:\/\/wiodesign.com\/#organization\"},\"potentialAction\":[{\"@type\":\"SearchAction\",\"target\":{\"@type\":\"EntryPoint\",\"urlTemplate\":\"https:\/\/wiodesign.com\/?s={search_term_string}\"},\"query-input\":\"required name=search_term_string\"}],\"inLanguage\":\"fr-FR\"},{\"@type\":\"Organization\",\"@id\":\"https:\/\/wiodesign.com\/#organization\",\"name\":\"Wiodesign\",\"url\":\"https:\/\/wiodesign.com\/\",\"logo\":{\"@type\":\"ImageObject\",\"inLanguage\":\"fr-FR\",\"@id\":\"https:\/\/wiodesign.com\/#\/schema\/logo\/image\/\",\"url\":\"https:\/\/wiodesign.com\/wp-content\/uploads\/2023\/03\/WIO-GUNCEL-LOGO11.png\",\"contentUrl\":\"https:\/\/wiodesign.com\/wp-content\/uploads\/2023\/03\/WIO-GUNCEL-LOGO11.png\",\"width\":144,\"height\":144,\"caption\":\"Wiodesign\"},\"image\":{\"@id\":\"https:\/\/wiodesign.com\/#\/schema\/logo\/image\/\"}}]}<\/script>\n<!-- \/ Yoast SEO plugin. -->","yoast_head_json":{"title":"Nos cr\u00e9ations - Wio","robots":{"index":"index","follow":"follow","max-snippet":"max-snippet:-1","max-image-preview":"max-image-preview:large","max-video-preview":"max-video-preview:-1"},"canonical":"https:\/\/wiodesign.com\/index.php\/nos-creations\/","og_locale":"fr_FR","og_type":"article","og_title":"Nos cr\u00e9ations - Wio","og_description":"Nos cr\u00e9ations En tant que Wio Design, notre objectif est de vous fournir des services de premi\u00e8re classe qui r\u00e9pondent \u00e0 vos besoins individuels. Nous vous garantissons que vous recevrez un service de la plus haute qualit\u00e9 avec notre \u00e9quipe de professionnels exp\u00e9riment\u00e9s et les derni\u00e8res technologies. CONTACT","og_url":"https:\/\/wiodesign.com\/index.php\/nos-creations\/","og_site_name":"Wio","article_modified_time":"2023-03-30T09:54:53+00:00","og_image":[{"url":"https:\/\/wiodesign.com\/wp-content\/uploads\/2022\/11\/contact_globe.svg"}],"twitter_card":"summary_large_image","twitter_misc":{"Dur\u00e9e de lecture estim\u00e9e":"1 minute"},"schema":{"@context":"https:\/\/schema.org","@graph":[{"@type":"WebPage","@id":"https:\/\/wiodesign.com\/index.php\/nos-creations\/","url":"https:\/\/wiodesign.com\/index.php\/nos-creations\/","name":"Nos cr\u00e9ations - Wio","isPartOf":{"@id":"https:\/\/wiodesign.com\/#website"},"datePublished":"2022-04-17T07:05:28+00:00","dateModified":"2023-03-30T09:54:53+00:00","breadcrumb":{"@id":"https:\/\/wiodesign.com\/index.php\/nos-creations\/#breadcrumb"},"inLanguage":"fr-FR","potentialAction":[{"@type":"ReadAction","target":["https:\/\/wiodesign.com\/index.php\/nos-creations\/"]}]},{"@type":"BreadcrumbList","@id":"https:\/\/wiodesign.com\/index.php\/nos-creations\/#breadcrumb","itemListElement":[{"@type":"ListItem","position":1,"name":"Anasayfa","item":"https:\/\/wiodesign.com\/"},{"@type":"ListItem","position":2,"name":"Nos cr\u00e9ations"}]},{"@type":"WebSite","@id":"https:\/\/wiodesign.com\/#website","url":"https:\/\/wiodesign.com\/","name":"Wiodesign","description":"wiodesign","publisher":{"@id":"https:\/\/wiodesign.com\/#organization"},"potentialAction":[{"@type":"SearchAction","target":{"@type":"EntryPoint","urlTemplate":"https:\/\/wiodesign.com\/?s={search_term_string}"},"query-input":"required name=search_term_string"}],"inLanguage":"fr-FR"},{"@type":"Organization","@id":"https:\/\/wiodesign.com\/#organization","name":"Wiodesign","url":"https:\/\/wiodesign.com\/","logo":{"@type":"ImageObject","inLanguage":"fr-FR","@id":"https:\/\/wiodesign.com\/#\/schema\/logo\/image\/","url":"https:\/\/wiodesign.com\/wp-content\/uploads\/2023\/03\/WIO-GUNCEL-LOGO11.png","contentUrl":"https:\/\/wiodesign.com\/wp-content\/uploads\/2023\/03\/WIO-GUNCEL-LOGO11.png","width":144,"height":144,"caption":"Wiodesign"},"image":{"@id":"https:\/\/wiodesign.com\/#\/schema\/logo\/image\/"}}]}},"_links":{"self":[{"href":"https:\/\/wiodesign.com\/index.php\/wp-json\/wp\/v2\/pages\/1566","targetHints":{"allow":["GET"]}}],"collection":[{"href":"https:\/\/wiodesign.com\/index.php\/wp-json\/wp\/v2\/pages"}],"about":[{"href":"https:\/\/wiodesign.com\/index.php\/wp-json\/wp\/v2\/types\/page"}],"author":[{"embeddable":true,"href":"https:\/\/wiodesign.com\/index.php\/wp-json\/wp\/v2\/users\/1"}],"replies":[{"embeddable":true,"href":"https:\/\/wiodesign.com\/index.php\/wp-json\/wp\/v2\/comments?post=1566"}],"version-history":[{"count":20,"href":"https:\/\/wiodesign.com\/index.php\/wp-json\/wp\/v2\/pages\/1566\/revisions"}],"predecessor-version":[{"id":4874,"href":"https:\/\/wiodesign.com\/index.php\/wp-json\/wp\/v2\/pages\/1566\/revisions\/4874"}],"wp:attachment":[{"href":"https:\/\/wiodesign.com\/index.php\/wp-json\/wp\/v2\/media?parent=1566"}],"curies":[{"name":"wp","href":"https:\/\/api.w.org\/{rel}","templated":true}]}}